{"id":24,"date":"2015-07-02T10:36:18","date_gmt":"2015-07-02T10:36:18","guid":{"rendered":"http:\/\/invitechina.pl\/?page_id=24"},"modified":"2015-09-12T09:30:27","modified_gmt":"2015-09-12T09:30:27","slug":"oferta","status":"publish","type":"page","link":"http:\/\/invitechina.pl\/?page_id=24&lang=pl","title":{"rendered":"Oferta"},"content":{"rendered":"<p><span style=\"font-family: Verdana, Geneva;\">Oferujemy szeroki pakiet us\u0142ug, zwi\u0105zanych z t\u0142umaczeniami mi\u0119dzy j\u0119zykiem polskim, a chi\u0144skim, a tak\u017ce mi\u0119dzy j\u0119zykiem angielskim i chi\u0144skim.<\/span><\/p>\n<p><span style=\"font-family: Verdana, Geneva;\"><strong>T\u0142umaczenia stron WWW na j\u0119zyk chi\u0144ski<\/strong><\/span><\/p>\n<p><span style=\"font-family: Verdana, Geneva;\"><strong>Pozycjonowanie stron w chi\u0144skich wyszukiwarkach<\/strong><\/span><\/p>\n<p><span style=\"font-family: Verdana, Geneva;\"><strong>T\u0142umaczenia pisemne\u00a0<\/strong><\/span><\/p>\n<p><span style=\"font-family: Verdana, Geneva;\"><strong>T\u0142umaczenia ustne (na terenie Polski i Chin)<\/strong><\/span><\/p>\n<p><span style=\"font-family: Verdana, Geneva;\"><strong>Inne us\u0142ugi zwi\u0105zane z t\u0142umaczeniami, mi\u0119dzy innymi: <\/strong><\/span><\/p>\n<p><span style=\"font-family: Verdana, Geneva;\">-organizacja kontroli jako\u015bci na terenie zak\u0142ad\u00f3w produkcyjnych<\/span><\/p>\n<p><span style=\"font-family: Verdana, Geneva;\">-obs\u0142uga delegacji zagranicznych<\/span><\/p>\n<p><span style=\"font-family: Verdana, Geneva;\">-planowanie indywidualnych wyjazd\u00f3w turystycznych<\/span><\/p>\n<p><span style=\"font-family: Verdana, Geneva;\">\u00a0<\/span><\/p>\n","protected":false},"excerpt":{"rendered":"<p>Oferujemy szeroki pakiet us\u0142ug, zwi\u0105zanych z t\u0142umaczeniami mi\u0119dzy j\u0119zykiem polskim, a chi\u0144skim, a tak\u017ce mi\u0119dzy j\u0119zykiem angielskim i chi\u0144skim. T\u0142umaczenia&hellip; <a class=\"read-more\" href=\"http:\/\/invitechina.pl\/?page_id=24&#038;lang=pl\">Read more <span class=\"screen-reader-text\">Oferta<\/span><\/a><\/p>\n","protected":false},"author":1,"featured_media":0,"parent":0,"menu_order":0,"comment_status":"closed","ping_status":"closed","template":"","meta":[],"_links":{"self":[{"href":"http:\/\/invitechina.pl\/index.php?rest_route=\/wp\/v2\/pages\/24"}],"collection":[{"href":"http:\/\/invitechina.pl\/index.php?rest_route=\/wp\/v2\/pages"}],"about":[{"href":"http:\/\/invitechina.pl\/index.php?rest_route=\/wp\/v2\/types\/page"}],"author":[{"embeddable":true,"href":"http:\/\/invitechina.pl\/index.php?rest_route=\/wp\/v2\/users\/1"}],"replies":[{"embeddable":true,"href":"http:\/\/invitechina.pl\/index.php?rest_route=%2Fwp%2Fv2%2Fcomments&post=24"}],"version-history":[{"count":5,"href":"http:\/\/invitechina.pl\/index.php?rest_route=\/wp\/v2\/pages\/24\/revisions"}],"predecessor-version":[{"id":115,"href":"http:\/\/invitechina.pl\/index.php?rest_route=\/wp\/v2\/pages\/24\/revisions\/115"}],"wp:attachment":[{"href":"http:\/\/invitechina.pl\/index.php?rest_route=%2Fwp%2Fv2%2Fmedia&parent=24"}],"curies":[{"name":"wp","href":"https:\/\/api.w.org\/{rel}","templated":true}]}}