{"id":30,"date":"2015-07-02T10:49:58","date_gmt":"2015-07-02T10:49:58","guid":{"rendered":"http:\/\/invitechina.pl\/?page_id=30"},"modified":"2016-06-17T12:37:32","modified_gmt":"2016-06-17T12:37:32","slug":"o-nas","status":"publish","type":"page","link":"http:\/\/invitechina.pl\/?page_id=30&lang=pl","title":{"rendered":"O nas"},"content":{"rendered":"<p><a href=\"http:\/\/invitechina.pl\/wp-content\/uploads\/2015\/07\/150X150.jpg\"><img loading=\"lazy\" class=\"aligncenter size-full wp-image-153\" src=\"http:\/\/invitechina.pl\/wp-content\/uploads\/2015\/07\/150X150.jpg\" alt=\"150X150\" width=\"150\" height=\"150\" \/><\/a><\/p>\n<p><span style=\"font-family: Verdana, Geneva;\">InviteChina\u00ae tworzy zesp\u00f3\u0142 t\u0142umaczy j\u0119zyka chi\u0144skiego, z wieloletnim do\u015bwiadczeniem w \u015bwiadczeniu us\u0142ug na chi\u0144skim rynku. Wsp\u00f3\u0142pracujemy z t\u0142umaczami natywnymi, specjalistami w swoich bran\u017cach, aby zapewni\u0107 najwy\u017cszy poziom oferowanych t\u0142umacze\u0144.<\/span><\/p>\n<p><span style=\"font-family: Verdana, Geneva;\">Nasze mocne strony, to konkurencyjne ceny, szybko\u015b\u0107 dzia\u0142ania i szeroka siatka wsp\u00f3\u0142pracuj\u0105cych t\u0142umaczy, zar\u00f3wno w uprzemys\u0142owionych regionach Chin, jak i na ca\u0142ym terenie Polski.<\/span><\/p>\n","protected":false},"excerpt":{"rendered":"<p>InviteChina\u00ae tworzy zesp\u00f3\u0142 t\u0142umaczy j\u0119zyka chi\u0144skiego, z wieloletnim do\u015bwiadczeniem w \u015bwiadczeniu us\u0142ug na chi\u0144skim rynku. Wsp\u00f3\u0142pracujemy z t\u0142umaczami natywnymi, specjalistami&hellip; <a class=\"read-more\" href=\"http:\/\/invitechina.pl\/?page_id=30&#038;lang=pl\">Read more <span class=\"screen-reader-text\">O nas<\/span><\/a><\/p>\n","protected":false},"author":1,"featured_media":0,"parent":0,"menu_order":0,"comment_status":"closed","ping_status":"closed","template":"","meta":[],"_links":{"self":[{"href":"http:\/\/invitechina.pl\/index.php?rest_route=\/wp\/v2\/pages\/30"}],"collection":[{"href":"http:\/\/invitechina.pl\/index.php?rest_route=\/wp\/v2\/pages"}],"about":[{"href":"http:\/\/invitechina.pl\/index.php?rest_route=\/wp\/v2\/types\/page"}],"author":[{"embeddable":true,"href":"http:\/\/invitechina.pl\/index.php?rest_route=\/wp\/v2\/users\/1"}],"replies":[{"embeddable":true,"href":"http:\/\/invitechina.pl\/index.php?rest_route=%2Fwp%2Fv2%2Fcomments&post=30"}],"version-history":[{"count":18,"href":"http:\/\/invitechina.pl\/index.php?rest_route=\/wp\/v2\/pages\/30\/revisions"}],"predecessor-version":[{"id":154,"href":"http:\/\/invitechina.pl\/index.php?rest_route=\/wp\/v2\/pages\/30\/revisions\/154"}],"wp:attachment":[{"href":"http:\/\/invitechina.pl\/index.php?rest_route=%2Fwp%2Fv2%2Fmedia&parent=30"}],"curies":[{"name":"wp","href":"https:\/\/api.w.org\/{rel}","templated":true}]}}